{"id":13033,"date":"2024-04-05T16:45:45","date_gmt":"2024-04-05T20:45:45","guid":{"rendered":"https:\/\/appa.qc.ca\/cssdm\/?page_id=13033"},"modified":"2024-04-15T14:21:43","modified_gmt":"2024-04-15T18:21:43","slug":"programmation","status":"publish","type":"page","link":"https:\/\/appa.qc.ca\/cssdm\/colloque\/programmation\/","title":{"rendered":"Programmation"},"content":{"rendered":"<div class=\"wpb-content-wrapper\">[vc_section][vc_row full_width=\u00a0\u00bbstretch_row_content\u00a0\u00bb][vc_column css=\u00a0\u00bb.vc_custom_1710956048907{margin-left: 17% !important;}\u00a0\u00bb offset=\u00a0\u00bbvc_hidden-xs\u00a0\u00bb][vc_wp_custommenu nav_menu=\u00a0\u00bb578&Prime; el_class=\u00a0\u00bb.menu-custom-container\u00a0\u00bb][\/vc_column][\/vc_row][vc_row full_width=\u00a0\u00bbstretch_row\u00a0\u00bb content_placement=\u00a0\u00bbtop\u00a0\u00bb][vc_column][vc_column_text]\n<h1 style=\"text-align: center;\"><strong>Ph\u00e9nix 2024 | 21e Colloque APPA<\/strong><\/h1>\n[\/vc_column_text][vc_column_text]\n<h1 style=\"text-align: center;\"><span style=\"color: #ffffff; font-size: 1.5em;\"><span class=\"su-highlight\" style=\"background:#3fb6d7;color:#ffffff\">&nbsp;PROGRAMMATION &#8211; 18, 19 ET 20 AVRIL&nbsp;<\/span><\/span><\/h1>\n[\/vc_column_text][vc_empty_space][\/vc_column][\/vc_row][vc_row][vc_column][vc_column_text css=\u00a0\u00bb.vc_custom_1713205296785{padding-left: 1% !important;background-color: #ededed !important;}\u00a0\u00bb]<div class=\"su-row\"><div class=\"su-column su-column-size-1-3\"><div class=\"su-column-inner su-u-clearfix su-u-trim\">\n<h2><strong>7 h 00 \u00e0&nbsp; 7 h 15<\/strong><\/h2>\n<\/div><\/div><div class=\"su-column su-column-size-2-3\"><div class=\"su-column-inner su-u-clearfix su-u-trim\">\n<ul>\n<li>\n<h3>D\u00e9parts des autobus de Montr\u00e9al \u00e0 St-Sauveur<br \/>\n<a href=\"https:\/\/appa.qc.ca\/cssdm\/colloque\/transport\/\">Cliquez ici pour les horaires et les lieux<\/a><\/h3>\n<\/li>\n<\/ul>\n<p>&nbsp;<br \/>\n<\/div><\/div><\/div>[\/vc_column_text][vc_column_text css=\u00a0\u00bb.vc_custom_1712349780734{padding-left: 1% !important;background-color: #3fb6d7 !important;}\u00a0\u00bb]<div class=\"su-row\"><div class=\"su-column su-column-size-1-3\"><div class=\"su-column-inner su-u-clearfix su-u-trim\">\n<h2><strong>8 h 00 \u00e0 10 h 00<\/strong><\/h2>\n<\/div><\/div><div class=\"su-column su-column-size-2-3\"><div class=\"su-column-inner su-u-clearfix su-u-trim\">\n<ul>\n<li>\n<h3>Accueil et visite des kiosques<\/h3>\n<\/li>\n<li>\n<h3>D\u00e9jeuner buffet<\/h3>\n<\/li>\n<\/ul>\n<\/div><\/div><\/div>[\/vc_column_text][vc_column_text css=\u00a0\u00bb.vc_custom_1712349817112{padding-left: 1% !important;background-color: #ededed !important;}\u00a0\u00bb]<div class=\"su-row\"><div class=\"su-column su-column-size-1-3\"><div class=\"su-column-inner su-u-clearfix su-u-trim\">\n<h2><strong>9 h 30 \u00e0 10 h 00<\/strong><\/h2>\n<\/div><\/div><div class=\"su-column su-column-size-2-3\"><div class=\"su-column-inner su-u-clearfix su-u-trim\">\n<ul>\n<li>\n<h3>Mot de bienvenue<\/h3>\n<\/li>\n<li>\n<h3>Pr\u00e9sentation du d\u00e9roulement de la journ\u00e9e<\/h3>\n<\/li>\n<\/ul>\n<\/div><\/div><\/div>[\/vc_column_text][vc_column_text css=\u00a0\u00bb.vc_custom_1712349830702{padding-left: 1% !important;background-color: #fff093 !important;}\u00a0\u00bb]<div class=\"su-row\"><div class=\"su-column su-column-size-1-3\"><div class=\"su-column-inner su-u-clearfix su-u-trim\">\n<h2><strong>10 h 00 \u00e0 12 h 00<\/strong><\/h2>\n<\/div><\/div><div class=\"su-column su-column-size-2-3\"><div class=\"su-column-inner su-u-clearfix su-u-trim\">\n<ul>\n<li>\n<h3>Ateliers<\/h3>\n<\/li>\n<\/ul>\n<p>&nbsp;<br \/>\n<\/div><\/div><\/div>[\/vc_column_text][vc_column_text css=\u00a0\u00bb.vc_custom_1712349842963{padding-left: 1% !important;background-color: #ededed !important;}\u00a0\u00bb]<div class=\"su-row\"><div class=\"su-column su-column-size-1-3\"><div class=\"su-column-inner su-u-clearfix su-u-trim\">\n<h2><strong>12 h 00 \u00e0 12 h 30<\/strong><\/h2>\n<\/div><\/div><div class=\"su-column su-column-size-2-3\"><div class=\"su-column-inner su-u-clearfix su-u-trim\">\n<ul>\n<li>\n<h3>Visite des kiosques<\/h3>\n<\/li>\n<\/ul>\n<p>&nbsp;<br \/>\n<\/div><\/div><\/div>[\/vc_column_text][vc_column_text css=\u00a0\u00bb.vc_custom_1712349865558{padding-left: 1% !important;background-color: #3fb6d7 !important;}\u00a0\u00bb]<div class=\"su-row\"><div class=\"su-column su-column-size-1-3\"><div class=\"su-column-inner su-u-clearfix su-u-trim\">\n<h2><strong>12 h 30 \u00e0 14 h 00<\/strong><\/h2>\n<\/div><\/div><div class=\"su-column su-column-size-2-3\"><div class=\"su-column-inner su-u-clearfix su-u-trim\">\n<ul>\n<li>\n<h3>D\u00eener<\/h3>\n<\/li>\n<li>\n<h3>Tirages<\/h3>\n<\/li>\n<\/ul>\n<\/div><\/div><\/div>[\/vc_column_text][vc_column_text css=\u00a0\u00bb.vc_custom_1712349879537{padding-left: 1% !important;background-color: #fff093 !important;}\u00a0\u00bb]<div class=\"su-row\"><div class=\"su-column su-column-size-1-3\"><div class=\"su-column-inner su-u-clearfix su-u-trim\">\n<h2><strong>14 h 00 \u00e0 16 h 00<\/strong><\/h2>\n<\/div><\/div><div class=\"su-column su-column-size-2-3\"><div class=\"su-column-inner su-u-clearfix su-u-trim\">\n<ul>\n<li>\n<h3>Conf\u00e9rence pl\u00e9ni\u00e8re<\/h3>\n<\/li>\n<\/ul>\n<p>&nbsp;<br \/>\n<\/div><\/div><\/div>[\/vc_column_text][vc_column_text css=\u00a0\u00bb.vc_custom_1712349890490{padding-left: 1% !important;background-color: #ededed !important;}\u00a0\u00bb]<div class=\"su-row\"><div class=\"su-column su-column-size-1-3\"><div class=\"su-column-inner su-u-clearfix su-u-trim\">\n<h2><strong>16 h 30<\/strong><\/h2>\n<\/div><\/div><div class=\"su-column su-column-size-2-3\"><div class=\"su-column-inner su-u-clearfix su-u-trim\">\n<ul>\n<li>\n<h3>Premier d\u00e9part d\u2019autobus vers Montr\u00e9al<\/h3>\n<\/li>\n<\/ul>\n<p>&nbsp;<br \/>\n<\/div><\/div><\/div>[\/vc_column_text][vc_column_text css=\u00a0\u00bb.vc_custom_1712349901343{padding-left: 1% !important;background-color: #3fb6d7 !important;}\u00a0\u00bb]<div class=\"su-row\"><div class=\"su-column su-column-size-1-3\"><div class=\"su-column-inner su-u-clearfix su-u-trim\">\n<h2><strong>17 h 00 \u00e0 19 h 00<\/strong><\/h2>\n<\/div><\/div><div class=\"su-column su-column-size-2-3\"><div class=\"su-column-inner su-u-clearfix su-u-trim\">\n<ul>\n<li>\n<h3>5 \u00e0 7 (salle a d\u00e9terminer)<\/h3>\n<\/li>\n<\/ul>\n<p>&nbsp;<br \/>\n<\/div><\/div><\/div>[\/vc_column_text][vc_column_text css=\u00a0\u00bb.vc_custom_1712349915362{padding-left: 1% !important;background-color: #ededed !important;}\u00a0\u00bb]<div class=\"su-row\"><div class=\"su-column su-column-size-1-3\"><div class=\"su-column-inner su-u-clearfix su-u-trim\">\n<h2><strong>19 h 30<\/strong><\/h2>\n<\/div><\/div><div class=\"su-column su-column-size-2-3\"><div class=\"su-column-inner su-u-clearfix su-u-trim\">\n<ul>\n<li>\n<h3>Dernier d\u00e9part d\u2019autobus vers Montr\u00e9al<\/h3>\n<\/li>\n<\/ul>\n<p>&nbsp;<br \/>\n<\/div><\/div><\/div>[\/vc_column_text][\/vc_column][\/vc_row][\/vc_section]\n<\/div>","protected":false},"excerpt":{"rendered":"<p>[vc_section][vc_row full_width=\u00a0\u00bbstretch_row_content\u00a0\u00bb][vc_column css=\u00a0\u00bb.vc_custom_1710956048907{margin-left: 17% !important;}\u00a0\u00bb offset=\u00a0\u00bbvc_hidden-xs\u00a0\u00bb][vc_wp_custommenu nav_menu=\u00a0\u00bb578&Prime; el_class=\u00a0\u00bb.menu-custom-container\u00a0\u00bb][\/vc_column][\/vc_row][vc_row full_width=\u00a0\u00bbstretch_row\u00a0\u00bb content_placement=\u00a0\u00bbtop\u00a0\u00bb][vc_column][vc_column_text] Ph\u00e9nix 2024 | 21e Colloque APPA [\/vc_column_text][vc_column_text] [\/vc_column_text][vc_empty_space][\/vc_column][\/vc_row][vc_row][vc_column][vc_column_text css=\u00a0\u00bb.vc_custom_1713205296785{padding-left: 1% !important;background-color: #ededed !important;}\u00a0\u00bb][\/vc_column_text][vc_column_text css=\u00a0\u00bb.vc_custom_1712349780734{padding-left: 1% !important;background-color: #3fb6d7 !important;}\u00a0\u00bb][\/vc_column_text][vc_column_text css=\u00a0\u00bb.vc_custom_1712349817112{padding-left: 1% [&hellip;]<\/p>\n","protected":false},"author":20,"featured_media":12950,"parent":8535,"menu_order":0,"comment_status":"closed","ping_status":"closed","template":"","meta":{"ngg_post_thumbnail":0,"footnotes":""},"class_list":["post-13033","page","type-page","status-publish","has-post-thumbnail","hentry"],"_links":{"self":[{"href":"https:\/\/appa.qc.ca\/cssdm\/wp-json\/wp\/v2\/pages\/13033","targetHints":{"allow":["GET"]}}],"collection":[{"href":"https:\/\/appa.qc.ca\/cssdm\/wp-json\/wp\/v2\/pages"}],"about":[{"href":"https:\/\/appa.qc.ca\/cssdm\/wp-json\/wp\/v2\/types\/page"}],"author":[{"embeddable":true,"href":"https:\/\/appa.qc.ca\/cssdm\/wp-json\/wp\/v2\/users\/20"}],"replies":[{"embeddable":true,"href":"https:\/\/appa.qc.ca\/cssdm\/wp-json\/wp\/v2\/comments?post=13033"}],"version-history":[{"count":12,"href":"https:\/\/appa.qc.ca\/cssdm\/wp-json\/wp\/v2\/pages\/13033\/revisions"}],"predecessor-version":[{"id":13064,"href":"https:\/\/appa.qc.ca\/cssdm\/wp-json\/wp\/v2\/pages\/13033\/revisions\/13064"}],"up":[{"embeddable":true,"href":"https:\/\/appa.qc.ca\/cssdm\/wp-json\/wp\/v2\/pages\/8535"}],"wp:featuredmedia":[{"embeddable":true,"href":"https:\/\/appa.qc.ca\/cssdm\/wp-json\/wp\/v2\/media\/12950"}],"wp:attachment":[{"href":"https:\/\/appa.qc.ca\/cssdm\/wp-json\/wp\/v2\/media?parent=13033"}],"curies":[{"name":"wp","href":"https:\/\/api.w.org\/{rel}","templated":true}]}}