{"id":8053,"date":"2020-01-22T15:39:01","date_gmt":"2020-01-22T19:39:01","guid":{"rendered":"http:\/\/localhost:8081\/appa\/?page_id=8053"},"modified":"2025-02-28T13:47:17","modified_gmt":"2025-02-28T18:47:17","slug":"lgbt","status":"publish","type":"page","link":"https:\/\/appa.qc.ca\/cssdm\/comites1\/lgbt\/","title":{"rendered":"Comit\u00e9 LGBT"},"content":{"rendered":"<div class=\"wpb-content-wrapper\">[vc_row][vc_column][vc_row_inner][vc_column_inner width=\u00a0\u00bb1\/3&Prime;][vc_single_image image=\u00a0\u00bb7754&Prime; img_size=\u00a0\u00bbfull\u00a0\u00bb alignment=\u00a0\u00bbcenter\u00a0\u00bb][vc_column_text]\n<h2 style=\"text-align: center\"><a href=\"mailto:lgbt@appa.qc.ca\">lgbt@appa.qc.ca<\/a><\/h2>\n[\/vc_column_text][vc_text_separator title=\u00a0\u00bbMembres\u00a0\u00bb][vc_column_text css=\u00a0\u00bb\u00a0\u00bb]<div class=\"su-table su-table-alternate\">\n<table style=\"height: 186px\" width=\"367\">\n<tbody>\n<tr>\n<td>Marl\u00e8ne<\/td>\n<td>Tourville<\/td>\n<\/tr>\n<tr>\n<td>Daniel<\/td>\n<td>L\u00e9vesque<\/td>\n<\/tr>\n<tr>\n<td>Jorge<\/td>\n<td>Ramirez Henriquez<\/td>\n<\/tr>\n<tr>\n<td>Peter<\/td>\n<td>Sarkis<\/td>\n<\/tr>\n<tr>\n<td>Michele<\/td>\n<td>D&rsquo;Amico<\/td>\n<\/tr>\n<\/tbody>\n<\/table>\n<\/div>[\/vc_column_text][vc_text_separator title=\u00a0\u00bbDocuments\u00a0\u00bb][vc_column_text]<div class=\"wpfd-content wpfd-content-default wpfd-content-category-normal wpfd-content-without-download-selected wpfd-content-multi\" data-category=\"615\"             style=\"background-color: rgba(255, 255, 255, 0)\"><input type=\"hidden\" id=\"current_category_615\" value=\"615\" \/>                    <input type=\"hidden\" id=\"current_category_slug_615\" value=\"lgbt\" \/>                    <input type=\"hidden\" id=\"current_ordering_615\" value=\"title\" \/>                    <input type=\"hidden\" id=\"current_ordering_direction_615\" value=\"desc\" \/>                    <input type=\"hidden\" id=\"page_limit_615\" value=\"10\" \/><input type=\"hidden\" id=\"wpfd_display_empty_category_message\" value=\"0\" \/><input type=\"hidden\" id=\"wpfd_empty_category_message_val\" value=\"This file category has no files to display\" \/><input type=\"hidden\" id=\"wpfd_display_empty_folder\" value=\"1\" \/><input type=\"hidden\" id=\"wpfd_is_empty_subcategories\" value=\"1\" \/><input type=\"hidden\" id=\"wpfd_is_empty_files\" value=\"1\" \/><input type=\"hidden\" id=\"wpfd_root_category_id\" class=\"wpfd_root_category_id\" value=\"615\" \/><input type=\"hidden\" id=\"wpfd_root_category_theme\" class=\"wpfd_root_category_theme\" value=\"default\" \/><input type=\"hidden\" id=\"wpfd_root_category_clone_theme_type\" class=\"wpfd_root_category_clone_theme_type\" value=\"none\" \/><input type=\"hidden\" id=\"wpfd_root_category_type\" class=\"wpfd_root_category_type\" value=\"615\" \/><input type=\"hidden\" id=\"wpfd_category_notify_file_changes\" class=\"wpfd_category_notify_file_changes\" value=\"0\" \/><input type=\"hidden\" id=\"wpfd_global_notify_file_changes\" class=\"wpfd_global_notify_file_changes\" value=\"0\" \/><input type=\"hidden\" id=\"wpfd_download_selected\" class=\"wpfd_download_selected\" value=\"0\" \/><input type=\"hidden\" id=\"wpfd_user_login\" class=\"wpfd_user_login\" value=\"0\" \/><div class=\"wpfd-content-header-section\"><\/div>    <script type=\"text\/x-handlebars-template\" class=\"wpfd-template-files\">        {{#if files }}        <div class=\"wpfd_list\">            {{#each files}}            <div class=\"file {{ext}}\" style=\"margin : 5px 5px 5px 5px;\" data-id=\"{{ID}}\" data-catid=\"{{catid}}\">                <input type=\"hidden\" class=\"wpfd_file_preview_link_download\" value=\"{{linkdownload}}\" data-filetitle=\"{{post_title}}\" data-fileicons=\"ext ext-{{ext}} wpfd-icon-set-svg\" \/>                <div class=\"filecontent\">                    {{#if file_custom_icon}}                    <div class=\"icon-custom\"><img src=\"{{file_custom_icon}}\" \/><\/div>                    {{else}}                    <div class=\"ext ext-{{ext}} wpfd-icon-set-svg\"><span class=\"txt\">{{ext}}<\/span><\/div>                    {{\/if}}<h3><a href=\"{{linkdownload}}\"   class=\"wpfd_downloadlink\" title=\"{{post_title}}\" target=\"{{#if remote_file}}_blank{{\/if}}\">{{{crop_title}}}<\/a><\/h3>                    <div class=\"file-xinfo\">                        <div class=\"file-dated\"><span>Date d&#039;ajout:<\/span> {{created}}<\/div>                    <\/div>                <\/div>                <span class=\"file-right\">                    <a class=\"downloadlink wpfd_downloadlink\"  href=\"{{linkdownload}}\"  style=\"background-color:#76bc58;color:#ffffff;\" target=\"{{#if remote_file}}_blank{{\/if}}\">T\u00e9l\u00e9charger<i class=\"zmdi zmdi-cloud-download wpfd-download\"><\/i><\/a>{{#if openpdflink}}<a class=\"openlink wpfdlightbox wpfd_previewlink\" href=\"{{openpdflink}}\"  target=\"\">Aper\u00e7u                            <i class=\"zmdi zmdi-filter-center-focus wpfd-preview\"><\/i>                        <\/a>{{else}}{{#if viewerlink}}<a                            href=\"{{viewerlink}}\"                                                        class=\"openlink wpfdlightbox wpfd_previewlink\"                            target=\"\"                            data-id=\"{{ID}}\"                            data-catid=\"{{catid}}\"                            data-file-type=\"{{ext}}\">Aper\u00e7u<i class=\"zmdi zmdi-filter-center-focus wpfd-preview\"><\/i>                        <\/a>{{\/if}}{{\/if}}                <\/span>            <\/div>            {{\/each}}            <div class=\"file flex_span\" style=\"margin : 5px 5px 5px 5px;\"><\/div>        <\/div>        {{\/if}}    <\/script>    <div class=\"wpfd-container\">                <div class=\"wpfd-open-tree\"><\/div>        <div class=\"wpfd-container-default \">            <div class=\"wpfd-categories hide\"><div class=\"wpfd-category-desc\"><\/div><\/div>                            <div class=\"wpfd_list\">                                                                        <div class=\"file pdf\" style=\"margin : 5px 5px 5px 5px;\"                                 data-id=\"11807\"                                 data-catid=\"615\">                                                                <input type=\"hidden\" class=\"wpfd_file_preview_link_download\" value=\"https:\/\/appa.qc.ca\/cssdm\/download\/615\/lgbt\/11807\/bonnes-pratiques-lgbt-au-travail.pdf\"                                       data-filetitle=\"Bonnes pratiques - LGBT au travail\" data-fileicons=\"ext ext-pdf wpfd-icon-set-svg\" \/>                                <div class=\"filecontent\">                                    <div class=\"ext ext-pdf wpfd-icon-set-svg\"><span class=\"txt\">pdf<\/span><\/div><h3><a href=\"https:\/\/appa.qc.ca\/cssdm\/download\/615\/lgbt\/11807\/bonnes-pratiques-lgbt-au-travail.pdf\"   class=\"wpfd_downloadlink\" title=\"Bonnes pratiques - LGBT au travail\" target=\"\">Bonnes pratiques - LGBT au travail<\/a><\/h3>                                    <div class=\"file-xinfo\">                                        <div class=\"file-dated\"><span>Date d&#039;ajout:<\/span> 12-04-2022<\/div>                                    <\/div>                                <\/div>                                <div class=\"file-right\">                                    <a class=\"downloadlink wpfd_downloadlink\"  href=\"https:\/\/appa.qc.ca\/cssdm\/download\/615\/lgbt\/11807\/bonnes-pratiques-lgbt-au-travail.pdf\"  style=\"background-color:#76bc58;color:#ffffff;\" target=\"\">T\u00e9l\u00e9charger<i class=\"zmdi zmdi-cloud-download wpfd-download\"><\/i><\/a><a class=\"openlink wpfdlightbox wpfd_previewlink\" href=\"https:\/\/appa.qc.ca\/cssdm\/wp-admin\/admin-ajax.php?juwpfisadmin=false&#038;action=wpfd&#038;task=file.download&#038;wpfd_category_id=615&#038;wpfd_file_id=11807&#038;token=&#038;preview=1\"  target=\"\">Aper\u00e7u                            <i class=\"zmdi zmdi-filter-center-focus wpfd-preview\"><\/i>                        <\/a>                                <\/div>                            <\/div>                                                                <div class=\"file flex_span\" style=\"margin : 5px 5px 5px 5px;\"><\/div>                <\/div>                                <\/div>    <\/div><\/div>[\/vc_column_text][\/vc_column_inner][vc_column_inner width=\u00a0\u00bb1\/3&Prime;][vc_basic_grid post_type=\u00a0\u00bbpost\u00a0\u00bb max_items=\u00a0\u00bb10&Prime; style=\u00a0\u00bbload-more\u00a0\u00bb items_per_page=\u00a0\u00bb2&Prime; element_width=\u00a0\u00bb12&Prime; item=\u00a0\u00bb9076&Prime; grid_id=\u00a0\u00bbvc_gid:1740768201960-a19e7c81-3c25-0&Prime; taxonomies=\u00a0\u00bb500, 609&Prime;][\/vc_column_inner][vc_column_inner width=\u00a0\u00bb1\/3&Prime;][vc_basic_grid post_type=\u00a0\u00bbtribe_events\u00a0\u00bb max_items=\u00a0\u00bb10&Prime; style=\u00a0\u00bblazy\u00a0\u00bb element_width=\u00a0\u00bb12&Prime; item=\u00a0\u00bb9076&Prime; grid_id=\u00a0\u00bbvc_gid:1740768201960-b2490252-83a0-9&Prime; taxonomies=\u00a0\u00bb564&Prime;][\/vc_column_inner][\/vc_row_inner][\/vc_column][\/vc_row][vc_row][vc_column][\/vc_column][\/vc_row]\n<\/div>","protected":false},"excerpt":{"rendered":"<p>[vc_row][vc_column][vc_row_inner][vc_column_inner width=\u00a0\u00bb1\/3&Prime;][vc_single_image image=\u00a0\u00bb7754&Prime; img_size=\u00a0\u00bbfull\u00a0\u00bb alignment=\u00a0\u00bbcenter\u00a0\u00bb][vc_column_text] lgbt@appa.qc.ca [\/vc_column_text][vc_text_separator title=\u00a0\u00bbMembres\u00a0\u00bb][vc_column_text css=\u00a0\u00bb\u00a0\u00bb][\/vc_column_text][vc_text_separator title=\u00a0\u00bbDocuments\u00a0\u00bb][vc_column_text] pdfBonnes pratiques &#8211; LGBT au travail Date d&#039;ajout: 12-04-2022 T\u00e9l\u00e9chargerAper\u00e7u [\/vc_column_text][\/vc_column_inner][vc_column_inner width=\u00a0\u00bb1\/3&Prime;][vc_basic_grid post_type=\u00a0\u00bbpost\u00a0\u00bb max_items=\u00a0\u00bb10&Prime; style=\u00a0\u00bbload-more\u00a0\u00bb items_per_page=\u00a0\u00bb2&Prime; element_width=\u00a0\u00bb12&Prime; item=\u00a0\u00bb9076&Prime; grid_id=\u00a0\u00bbvc_gid:1740768201960-a19e7c81-3c25-0&Prime; taxonomies=\u00a0\u00bb500, [&hellip;]<\/p>\n","protected":false},"author":13,"featured_media":7754,"parent":7944,"menu_order":3,"comment_status":"closed","ping_status":"closed","template":"","meta":{"ngg_post_thumbnail":0,"footnotes":""},"class_list":["post-8053","page","type-page","status-publish","has-post-thumbnail","hentry"],"_links":{"self":[{"href":"https:\/\/appa.qc.ca\/cssdm\/wp-json\/wp\/v2\/pages\/8053","targetHints":{"allow":["GET"]}}],"collection":[{"href":"https:\/\/appa.qc.ca\/cssdm\/wp-json\/wp\/v2\/pages"}],"about":[{"href":"https:\/\/appa.qc.ca\/cssdm\/wp-json\/wp\/v2\/types\/page"}],"author":[{"embeddable":true,"href":"https:\/\/appa.qc.ca\/cssdm\/wp-json\/wp\/v2\/users\/13"}],"replies":[{"embeddable":true,"href":"https:\/\/appa.qc.ca\/cssdm\/wp-json\/wp\/v2\/comments?post=8053"}],"version-history":[{"count":10,"href":"https:\/\/appa.qc.ca\/cssdm\/wp-json\/wp\/v2\/pages\/8053\/revisions"}],"predecessor-version":[{"id":14023,"href":"https:\/\/appa.qc.ca\/cssdm\/wp-json\/wp\/v2\/pages\/8053\/revisions\/14023"}],"up":[{"embeddable":true,"href":"https:\/\/appa.qc.ca\/cssdm\/wp-json\/wp\/v2\/pages\/7944"}],"wp:featuredmedia":[{"embeddable":true,"href":"https:\/\/appa.qc.ca\/cssdm\/wp-json\/wp\/v2\/media\/7754"}],"wp:attachment":[{"href":"https:\/\/appa.qc.ca\/cssdm\/wp-json\/wp\/v2\/media?parent=8053"}],"curies":[{"name":"wp","href":"https:\/\/api.w.org\/{rel}","templated":true}]}}