{"id":8536,"date":"2013-05-15T17:35:34","date_gmt":"2013-05-15T21:35:34","guid":{"rendered":"http:\/\/good-bones.mdnw.net\/?page_id=4042"},"modified":"2022-09-28T12:07:26","modified_gmt":"2022-09-28T16:07:26","slug":"contact-us","status":"publish","type":"page","link":"https:\/\/appa.qc.ca\/cssdm\/contact-us\/","title":{"rendered":"Contactez-nous"},"content":{"rendered":"<div class=\"wpb-content-wrapper\">[vc_row][vc_column width=\u00a0\u00bb1\/2&Prime;][vc_text_separator title=\u00a0\u00bbEnvoyez-nous un message\u00a0\u00bb]\n<div class=\"wpcf7 no-js\" id=\"wpcf7-f6904-o1\" lang=\"en-US\" dir=\"ltr\" data-wpcf7-id=\"6904\">\n<div class=\"screen-reader-response\"><p role=\"status\" aria-live=\"polite\" aria-atomic=\"true\"><\/p> <ul><\/ul><\/div>\n<form action=\"\/cssdm\/wp-json\/wp\/v2\/pages\/8536#wpcf7-f6904-o1\" method=\"post\" class=\"wpcf7-form init\" aria-label=\"Contact form\" novalidate=\"novalidate\" data-status=\"init\">\n<fieldset class=\"hidden-fields-container\"><input type=\"hidden\" name=\"_wpcf7\" value=\"6904\" \/><input type=\"hidden\" name=\"_wpcf7_version\" value=\"6.1.5\" \/><input type=\"hidden\" name=\"_wpcf7_locale\" value=\"en_US\" \/><input type=\"hidden\" name=\"_wpcf7_unit_tag\" value=\"wpcf7-f6904-o1\" \/><input type=\"hidden\" name=\"_wpcf7_container_post\" value=\"0\" \/><input type=\"hidden\" name=\"_wpcf7_posted_data_hash\" value=\"\" \/>\n<\/fieldset>\n<p><label>Votre nom : (requis)<\/label><br \/>\n<span class=\"wpcf7-form-control-wrap\" data-name=\"your-name\"><input size=\"40\" maxlength=\"400\" class=\"wpcf7-form-control wpcf7-text wpcf7-validates-as-required\" aria-required=\"true\" aria-invalid=\"false\" value=\"\" type=\"text\" name=\"your-name\" \/><\/span>\n<\/p>\n<p><label>Votre courriel : (requis)<\/label><br \/>\n<span class=\"wpcf7-form-control-wrap\" data-name=\"your-email\"><input size=\"40\" maxlength=\"400\" class=\"wpcf7-form-control wpcf7-email wpcf7-validates-as-required wpcf7-text wpcf7-validates-as-email\" aria-required=\"true\" aria-invalid=\"false\" value=\"\" type=\"email\" name=\"your-email\" \/><\/span>\n<\/p>\n<p><label>Votre num\u00e9ro d'employ\u00e9 :<\/label><br \/>\n<span class=\"wpcf7-form-control-wrap\" data-name=\"employee-number\"><input size=\"40\" maxlength=\"400\" class=\"wpcf7-form-control wpcf7-text wpcf7-validates-as-required\" aria-required=\"true\" aria-invalid=\"false\" value=\"\" type=\"text\" name=\"employee-number\" \/><\/span>\n<\/p>\n<p><label>Votre message : (requis)<\/label><br \/>\n<span class=\"wpcf7-form-control-wrap\" data-name=\"your-message\"><textarea cols=\"40\" rows=\"10\" maxlength=\"2000\" class=\"wpcf7-form-control wpcf7-textarea wpcf7-validates-as-required\" aria-required=\"true\" aria-invalid=\"false\" name=\"your-message\"><\/textarea><\/span>\n<\/p>\n<p><input class=\"wpcf7-form-control wpcf7-submit has-spinner\" type=\"submit\" value=\"Soumettre\" \/>\n<\/p><p style=\"display: none !important;\" class=\"akismet-fields-container\" data-prefix=\"_wpcf7_ak_\"><label>&#916;<textarea name=\"_wpcf7_ak_hp_textarea\" cols=\"45\" rows=\"8\" maxlength=\"100\"><\/textarea><\/label><input type=\"hidden\" id=\"ak_js_1\" name=\"_wpcf7_ak_js\" value=\"51\"\/><script>document.getElementById( \"ak_js_1\" ).setAttribute( \"value\", ( new Date() ).getTime() );<\/script><\/p><div class=\"wpcf7-response-output\" aria-hidden=\"true\"><\/div>\n<\/form>\n<\/div>\n[\/vc_column][vc_column width=\u00a0\u00bb1\/2&Prime;][vc_text_separator title=\u00a0\u00bbVisites \u00e0 notre bureau\u00a0\u00bb][vc_column_text]<strong>Pour rencontrer un membre du comit\u00e9 ex\u00e9cutif<\/strong><\/p>\n<p>En raison de nos horaires, occupations et r\u00e9unions, il est tr\u00e8s important de prendre rendez-vous avant de vous pr\u00e9senter \u00e0 nos bureaux. Utilisez le formulaire pour poser votre question ou pour demander un rendez-vous. Un courriel sera envoy\u00e9 au membre du comit\u00e9 ex\u00e9cutif responsable du dossier avec vos coordonn\u00e9es et vous pourrez ainsi obtenir un rendez-vous.<\/p>\n<p><em>Vous \u00e9viterez ainsi de vous pr\u00e9senter aux bureaux de l&rsquo;APPA et de ne pouvoir rencontrer la personne voulue si elle est absente ou occup\u00e9e.<\/em>[\/vc_column_text][vc_text_separator title=\u00a0\u00bbOu sommes nous?\u00a0\u00bb][vc_gmaps link=\u00a0\u00bb#E-8_JTNDaWZyYW1lJTIwc3JjJTNEJTIyaHR0cHMlM0ElMkYlMkZ3d3cuZ29vZ2xlLmNvbSUyRm1hcHMlMkZlbWJlZCUzRnBiJTNEJTIxMW0xOCUyMTFtMTIlMjExbTMlMjExZDI3OTMuMDE2MzI2NjA1MjQ0NiUyMTJkLTczLjU1MjM5NDE4NDU2NiUyMTNkNDUuNTcwMTEwMjc5MTAyMzE2JTIxMm0zJTIxMWYwJTIxMmYwJTIxM2YwJTIxM20yJTIxMWkxMDI0JTIxMmk3NjglMjE0ZjEzLjElMjEzbTMlMjExbTIlMjExczB4NGNjOTFjMTdjNWU2Y2YzOSUyNTNBMHhhMWI0M2JjNWE3M2M0ZDNkJTIxMnNBc3NvY2lhdGlvbiUyNTIwUHJvZmVzc2lvbm5lbGxlJTI1MjBEdSUyNTIwUGVyc29ubmVsJTI1MjBBZG1pbmlzdHJhdGlmJTI1MjBJbmMlMjUyMCUyOENTTiUyOSUyMTVlMCUyMTNtMiUyMTFzZW4lMjEyc2NhJTIxNHYxNjI1ODQyMzAyMDIwJTIxNW0yJTIxMXNlbiUyMTJzY2ElMjIlMjB3aWR0aCUzRCUyMjYwMCUyMiUyMGhlaWdodCUzRCUyMjQ1MCUyMiUyMHN0eWxlJTNEJTIyYm9yZGVyJTNBMCUzQiUyMiUyMGFsbG93ZnVsbHNjcmVlbiUzRCUyMiUyMiUyMGxvYWRpbmclM0QlMjJsYXp5JTIyJTNFJTNDJTJGaWZyYW1lJTNF\u00a0\u00bb][\/vc_column][\/vc_row]\n<\/div>","protected":false},"excerpt":{"rendered":"<p>[vc_row][vc_column width=\u00a0\u00bb1\/2&Prime;][vc_text_separator title=\u00a0\u00bbEnvoyez-nous un message\u00a0\u00bb][\/vc_column][vc_column width=\u00a0\u00bb1\/2&Prime;][vc_text_separator title=\u00a0\u00bbVisites \u00e0 notre bureau\u00a0\u00bb][vc_column_text]Pour rencontrer un membre du comit\u00e9 ex\u00e9cutif En raison de nos horaires, occupations et r\u00e9unions, il est tr\u00e8s important de prendre [&hellip;]<\/p>\n","protected":false},"author":20,"featured_media":0,"parent":0,"menu_order":11,"comment_status":"closed","ping_status":"closed","template":"","meta":{"ngg_post_thumbnail":0,"footnotes":""},"class_list":["post-8536","page","type-page","status-publish","hentry"],"_links":{"self":[{"href":"https:\/\/appa.qc.ca\/cssdm\/wp-json\/wp\/v2\/pages\/8536","targetHints":{"allow":["GET"]}}],"collection":[{"href":"https:\/\/appa.qc.ca\/cssdm\/wp-json\/wp\/v2\/pages"}],"about":[{"href":"https:\/\/appa.qc.ca\/cssdm\/wp-json\/wp\/v2\/types\/page"}],"author":[{"embeddable":true,"href":"https:\/\/appa.qc.ca\/cssdm\/wp-json\/wp\/v2\/users\/20"}],"replies":[{"embeddable":true,"href":"https:\/\/appa.qc.ca\/cssdm\/wp-json\/wp\/v2\/comments?post=8536"}],"version-history":[{"count":14,"href":"https:\/\/appa.qc.ca\/cssdm\/wp-json\/wp\/v2\/pages\/8536\/revisions"}],"predecessor-version":[{"id":11914,"href":"https:\/\/appa.qc.ca\/cssdm\/wp-json\/wp\/v2\/pages\/8536\/revisions\/11914"}],"wp:attachment":[{"href":"https:\/\/appa.qc.ca\/cssdm\/wp-json\/wp\/v2\/media?parent=8536"}],"curies":[{"name":"wp","href":"https:\/\/api.w.org\/{rel}","templated":true}]}}