{"id":8542,"date":"2018-03-02T12:39:52","date_gmt":"2018-03-02T17:39:52","guid":{"rendered":"http:\/\/localhost:8081\/appa\/?page_id=638"},"modified":"2022-09-01T10:39:27","modified_gmt":"2022-09-01T14:39:27","slug":"visite-travail","status":"publish","type":"page","link":"https:\/\/appa.qc.ca\/cssdm\/membres\/visite-travail\/","title":{"rendered":"Visite des lieux de travail"},"content":{"rendered":"<div class=\"wpb-content-wrapper\">[vc_row][vc_column][vc_column_text]\n<p>Nous sommes toujours pr\u00eat \u00e0 r\u00e9pondre \u00e0 vos question par t\u00e9l\u00e9phone ou par courriel, mais nous aimerions beaucoup \u00eatre en mesure de vous rencontrer dans votre lieu de travail pour r\u00e9pondre \u00e0 vos questions et pr\u00e9occupations en personne. De cette fa\u00e7on, chaque personne pourra poser ses questions et recevoir les informations en m\u00eame temps. Cette rencontre peut \u00eatre organis\u00e9e pour un groupe sp\u00e9cifique de membres (exemple: les \u00e9ducateurs en service de garde) ou sous forme de forum g\u00e9n\u00e9ral o\u00f9 tous les membres d\u2019un m\u00eame lieu de travail pourront \u00eatre pr\u00e9sents.<\/p>\n<p>Comment faire pour organiser cette rencontre? Simple! Remplissez le formulaire ci-dessous. Lorsque nous aurons re\u00e7u le formulaire, nous pourrons planifier une date et une heure pour tenir la rencontre dans votre lieu de travail ou dans un autre endroit qui conviendra \u00e0 votre groupe.<\/p>\n<p>Au plaisir de vous rencontrer bient\u00f4t!<\/p>\n<p style=\"text-align: justify;\">[\/vc_column_text][vc_text_separator title=\u00a0\u00bbRequest a Workplace Visit\u00a0\u00bb][\/vc_column][\/vc_row][vc_row][vc_column]<p class=\"wpcf7-contact-form-not-found\"><strong>Erreur\u00a0:<\/strong> Formulaire de contact non trouv\u00e9\u00a0!<\/p>[\/vc_column][\/vc_row]\n<\/div>","protected":false},"excerpt":{"rendered":"<p>[vc_row][vc_column][vc_column_text] Nous sommes toujours pr\u00eat \u00e0 r\u00e9pondre \u00e0 vos question par t\u00e9l\u00e9phone ou par courriel, mais nous aimerions beaucoup \u00eatre en mesure de vous rencontrer dans votre lieu de travail [&hellip;]<\/p>\n","protected":false},"author":20,"featured_media":0,"parent":8430,"menu_order":0,"comment_status":"closed","ping_status":"closed","template":"","meta":{"ngg_post_thumbnail":0,"footnotes":""},"class_list":["post-8542","page","type-page","status-publish","hentry"],"_links":{"self":[{"href":"https:\/\/appa.qc.ca\/cssdm\/wp-json\/wp\/v2\/pages\/8542","targetHints":{"allow":["GET"]}}],"collection":[{"href":"https:\/\/appa.qc.ca\/cssdm\/wp-json\/wp\/v2\/pages"}],"about":[{"href":"https:\/\/appa.qc.ca\/cssdm\/wp-json\/wp\/v2\/types\/page"}],"author":[{"embeddable":true,"href":"https:\/\/appa.qc.ca\/cssdm\/wp-json\/wp\/v2\/users\/20"}],"replies":[{"embeddable":true,"href":"https:\/\/appa.qc.ca\/cssdm\/wp-json\/wp\/v2\/comments?post=8542"}],"version-history":[{"count":3,"href":"https:\/\/appa.qc.ca\/cssdm\/wp-json\/wp\/v2\/pages\/8542\/revisions"}],"predecessor-version":[{"id":11770,"href":"https:\/\/appa.qc.ca\/cssdm\/wp-json\/wp\/v2\/pages\/8542\/revisions\/11770"}],"up":[{"embeddable":true,"href":"https:\/\/appa.qc.ca\/cssdm\/wp-json\/wp\/v2\/pages\/8430"}],"wp:attachment":[{"href":"https:\/\/appa.qc.ca\/cssdm\/wp-json\/wp\/v2\/media?parent=8542"}],"curies":[{"name":"wp","href":"https:\/\/api.w.org\/{rel}","templated":true}]}}