{"id":8353,"date":"2020-09-27T18:22:33","date_gmt":"2020-09-27T22:22:33","guid":{"rendered":"http:\/\/appa.qc.ca\/emsb\/?page_id=8353"},"modified":"2025-11-12T14:17:53","modified_gmt":"2025-11-12T19:17:53","slug":"collective-agreement","status":"publish","type":"page","link":"https:\/\/appa.qc.ca\/emsb\/docs\/collective-agreement\/","title":{"rendered":"Collective Agreement Documents"},"content":{"rendered":"<div class=\"wpb-content-wrapper\">[vc_row][vc_column][vc_column_text css=&#8221;&#8221;]The S18 Collective Agreement and the Local Agreement are available for download. Members can consult these documents to learn more about their working conditions and the provisions that apply to their job classification.<\/p>\n<p>La convention collective S18 ainsi que l&#8217;entente locale sont disponibles en t\u00e9l\u00e9chargement. Les membres peuvent les consulter pour en savoir plus sur leurs conditions de travail et les dispositions applicables \u00e0 leur cat\u00e9gorie d\u2019emploi.<\/p>\n<p><div class=\"wpfd-content wpfd-content-default wpfd-content-multi\" data-category=\"388\"             style=\"background-color: rgba(255, 255, 255, 0)\"><input type=\"hidden\" id=\"current_category_388\" value=\"388\" \/>                    <input type=\"hidden\" id=\"current_category_slug_388\" value=\"collective-agreement\" \/>                    <input type=\"hidden\" id=\"current_ordering_388\" value=\"title\" \/>                    <input type=\"hidden\" id=\"current_ordering_direction_388\" value=\"desc\" \/>                    <input type=\"hidden\" id=\"page_limit_388\" value=\"10\" \/><input type=\"hidden\" id=\"wpfd_display_empty_category_message\" value=\"0\" \/><input type=\"hidden\" id=\"wpfd_empty_category_message_val\" value=\"This file category has no files to display\" \/><input type=\"hidden\" id=\"wpfd_display_empty_folder\" value=\"0\" \/><input type=\"hidden\" id=\"wpfd_is_empty_subcategories\" value=\"1\" \/><input type=\"hidden\" id=\"wpfd_is_empty_files\" value=\"1\" \/><input type=\"hidden\" id=\"wpfd_root_category_id\" class=\"wpfd_root_category_id\" value=\"388\" \/><input type=\"hidden\" id=\"wpfd_root_category_theme\" class=\"wpfd_root_category_theme\" value=\"default\" \/><input type=\"hidden\" id=\"wpfd_root_category_clone_theme_type\" class=\"wpfd_root_category_clone_theme_type\" value=\"none\" \/><input type=\"hidden\" id=\"wpfd_root_category_type\" class=\"wpfd_root_category_type\" value=\"388\" \/>    <script type=\"text\/x-handlebars-template\" class=\"wpfd-template-files\">        {{#if files }}        <div class=\"wpfd_list\">            {{#each files}}            <div class=\"file {{ext}}\" style=\"margin : 5px 5px 5px 5px;\" data-id=\"{{ID}}\" data-catid=\"{{catid}}\">                <input type=\"hidden\" class=\"wpfd_file_preview_link_download\" value=\"{{linkdownload}}\" data-filetitle=\"{{post_title}}\" data-fileicons=\"ext ext-{{ext}} wpfd-icon-set-svg\" \/>                <div class=\"filecontent\">                    {{#if file_custom_icon}}                    <div class=\"icon-custom\"><img src=\"{{file_custom_icon}}\" \/><\/div>                    {{else}}                    <div class=\"ext ext-{{ext}} wpfd-icon-set-svg\"><span class=\"txt\">{{ext}}<\/span><\/div>                    {{\/if}}<h3><a href=\"{{linkdownload}}\"   class=\"wpfd_downloadlink\" title=\"{{post_title}}\" target=\"{{#if remote_file}}_blank{{\/if}}\">{{{crop_title}}}<\/a><\/h3>                    <div class=\"file-xinfo\">                        {{#if description}}<div class=\"file-desc\">{{{description}}}<\/div>{{\/if}}{{#if versionNumber}}<div class=\"file-version\"><span>Version:<\/span> {{versionNumber}}<\/div>{{\/if}}<div class=\"file-size\"><span>Size:<\/span> {{bytesToSize size}}<\/div><div class=\"file-dated\"><span>Date modified:<\/span> {{modified}}<\/div>                    <\/div>                <\/div>                <span class=\"file-right\">                    <a class=\"downloadlink wpfd_downloadlink\"  href=\"{{linkdownload}}\"  style=\"background-color:#0084ff;color:#ffffff;\" target=\"{{#if remote_file}}_blank{{\/if}}\">Download<i class=\"zmdi zmdi-cloud-download wpfd-download\"><\/i><\/a>{{#if openpdflink}}<a class=\"openlink wpfdlightbox wpfd_previewlink\" href=\"{{openpdflink}}\"  target=\"\">Preview                            <i class=\"zmdi zmdi-filter-center-focus wpfd-preview\"><\/i>                        <\/a>{{else}}{{#if viewerlink}}<a                            href=\"{{viewerlink}}\"                                                        class=\"openlink wpfdlightbox wpfd_previewlink\"                            target=\"\"                            data-id=\"{{ID}}\"                            data-catid=\"{{catid}}\"                            data-file-type=\"{{ext}}\">Preview<i class=\"zmdi zmdi-filter-center-focus wpfd-preview\"><\/i>                        <\/a>{{\/if}}{{\/if}}                <\/span>            <\/div>            {{\/each}}            <div class=\"file flex_span\" style=\"margin : 5px 5px 5px 5px;\"><\/div>        <\/div>        {{\/if}}    <\/script>    <div class=\"wpfd-container\">                <div class=\"wpfd-open-tree\"><\/div>        <div class=\"wpfd-container-default \">            <div class=\"wpfd-categories hide\"><div class=\"wpfd-category-desc\"><\/div><\/div>                            <div class=\"wpfd_list\">                                                                        <div class=\"file pdf\" style=\"margin : 5px 5px 5px 5px;\"                                 data-id=\"8250\"                                 data-catid=\"388\">                                                                <input type=\"hidden\" class=\"wpfd_file_preview_link_download\" value=\"https:\/\/appa.qc.ca\/emsb\/download\/388\/collective-agreement\/8250\/appa-convention-collective-fr-s18-2023-2028.pdf\"                                       data-filetitle=\"APPA Convention Collective (FR) S18 2023-2028\" data-fileicons=\"ext ext-pdf wpfd-icon-set-svg\" \/>                                <div class=\"filecontent\">                                    <div class=\"ext ext-pdf wpfd-icon-set-svg\"><span class=\"txt\">pdf<\/span><\/div><h3><a href=\"https:\/\/appa.qc.ca\/emsb\/download\/388\/collective-agreement\/8250\/appa-convention-collective-fr-s18-2023-2028.pdf\"   class=\"wpfd_downloadlink\" title=\"APPA Convention Collective (FR) S18 2023-2028\" target=\"\">APPA Convention Collective (FR) S18 2023-2028<\/a><\/h3>                                    <div class=\"file-xinfo\">                                        <div class=\"file-desc\">La convention collective nationale S18 d\u00e9finit les principales conditions de travail du personnel de soutien scolaire. N\u00e9goci\u00e9e \u00e0 l\u2019\u00e9chelle provinciale entre la FEESP\u2013CSN et le CPNCA, elle pr\u00e9cise les dispositions cl\u00e9s concernant les salaires, les avantages sociaux, les cong\u00e9s et les classifications d\u2019emploi applicables aux employ\u00e9s vis\u00e9s par cette entente.<\/div><div class=\"file-size\"><span>Size:<\/span> 2.74 MB<\/div><div class=\"file-dated\"><span>Date modified:<\/span> 12-11-2025<\/div>                                    <\/div>                                <\/div>                                <div class=\"file-right\">                                    <a class=\"downloadlink wpfd_downloadlink\"  href=\"https:\/\/appa.qc.ca\/emsb\/download\/388\/collective-agreement\/8250\/appa-convention-collective-fr-s18-2023-2028.pdf\"  style=\"background-color:#0084ff;color:#ffffff;\" target=\"\">Download<i class=\"zmdi zmdi-cloud-download wpfd-download\"><\/i><\/a><a class=\"openlink wpfdlightbox wpfd_previewlink\" href=\"https:\/\/appa.qc.ca\/emsb\/wp-admin\/admin-ajax.php?juwpfisadmin=false&#038;action=wpfd&#038;task=file.download&#038;wpfd_category_id=388&#038;wpfd_file_id=8250&#038;token=&#038;preview=1\"  target=\"\">Preview                            <i class=\"zmdi zmdi-filter-center-focus wpfd-preview\"><\/i>                        <\/a>                                <\/div>                            <\/div>                                                                                                <div class=\"file pdf\" style=\"margin : 5px 5px 5px 5px;\"                                 data-id=\"8249\"                                 data-catid=\"388\">                                                                <input type=\"hidden\" class=\"wpfd_file_preview_link_download\" value=\"https:\/\/appa.qc.ca\/emsb\/download\/388\/collective-agreement\/8249\/appa-collective-agreement-en-s18-2023-2028.pdf\"                                       data-filetitle=\"APPA Collective Agreement (EN) S18 2023-2028\" data-fileicons=\"ext ext-pdf wpfd-icon-set-svg\" \/>                                <div class=\"filecontent\">                                    <div class=\"ext ext-pdf wpfd-icon-set-svg\"><span class=\"txt\">pdf<\/span><\/div><h3><a href=\"https:\/\/appa.qc.ca\/emsb\/download\/388\/collective-agreement\/8249\/appa-collective-agreement-en-s18-2023-2028.pdf\"   class=\"wpfd_downloadlink\" title=\"APPA Collective Agreement (EN) S18 2023-2028\" target=\"\">APPA Collective Agreement (EN) S18 2023-2028<\/a><\/h3>                                    <div class=\"file-xinfo\">                                        <div class=\"file-desc\">The S18 National Collective Agreement defines the core working conditions for school support staff. Negotiated at the provincial level between the FEESP-CSN and the CPNCA it outlines key provisions such as salaries, benefits, leaves, and job classifications that apply to employees covered by this agreement.<\/div><div class=\"file-size\"><span>Size:<\/span> 2.73 MB<\/div><div class=\"file-dated\"><span>Date modified:<\/span> 12-11-2025<\/div>                                    <\/div>                                <\/div>                                <div class=\"file-right\">                                    <a class=\"downloadlink wpfd_downloadlink\"  href=\"https:\/\/appa.qc.ca\/emsb\/download\/388\/collective-agreement\/8249\/appa-collective-agreement-en-s18-2023-2028.pdf\"  style=\"background-color:#0084ff;color:#ffffff;\" target=\"\">Download<i class=\"zmdi zmdi-cloud-download wpfd-download\"><\/i><\/a><a class=\"openlink wpfdlightbox wpfd_previewlink\" href=\"https:\/\/appa.qc.ca\/emsb\/wp-admin\/admin-ajax.php?juwpfisadmin=false&#038;action=wpfd&#038;task=file.download&#038;wpfd_category_id=388&#038;wpfd_file_id=8249&#038;token=&#038;preview=1\"  target=\"\">Preview                            <i class=\"zmdi zmdi-filter-center-focus wpfd-preview\"><\/i>                        <\/a>                                <\/div>                            <\/div>                                                                                                <div class=\"file pdf\" style=\"margin : 5px 5px 5px 5px;\"                                 data-id=\"8252\"                                 data-catid=\"388\">                                                                <input type=\"hidden\" class=\"wpfd_file_preview_link_download\" value=\"https:\/\/appa.qc.ca\/emsb\/download\/388\/collective-agreement\/8252\/appa-csem-conditions-particulieres-fr-s18a.pdf\"                                       data-filetitle=\"APPA-CSEM Conditions Particulieres (FR) S18A\" data-fileicons=\"ext ext-pdf wpfd-icon-set-svg\" \/>                                <div class=\"filecontent\">                                    <div class=\"ext ext-pdf wpfd-icon-set-svg\"><span class=\"txt\">pdf<\/span><\/div><h3><a href=\"https:\/\/appa.qc.ca\/emsb\/download\/388\/collective-agreement\/8252\/appa-csem-conditions-particulieres-fr-s18a.pdf\"   class=\"wpfd_downloadlink\" title=\"APPA-CSEM Conditions Particulieres (FR) S18A\" target=\"\">APPA-CSEM Conditions Particulieres (FR) S18A<\/a><\/h3>                                    <div class=\"file-xinfo\">                                        <div class=\"file-desc\">La pr\u00e9sente lettre d'entente contient pour les sujets qui y sont trait\u00e9s des conditions de travail particuli\u00e8res qui sont appliqu\u00e9es aux personnes salari\u00e9es de la Commission scolaire English-Montr\u00e9al couvertes par le certificat d'accr\u00e9ditation de l'Association professionnelle du personnel administratif (CSN).<\/div><div class=\"file-size\"><span>Size:<\/span> 168.95 KB<\/div><div class=\"file-dated\"><span>Date modified:<\/span> 12-11-2025<\/div>                                    <\/div>                                <\/div>                                <div class=\"file-right\">                                    <a class=\"downloadlink wpfd_downloadlink\"  href=\"https:\/\/appa.qc.ca\/emsb\/download\/388\/collective-agreement\/8252\/appa-csem-conditions-particulieres-fr-s18a.pdf\"  style=\"background-color:#0084ff;color:#ffffff;\" target=\"\">Download<i class=\"zmdi zmdi-cloud-download wpfd-download\"><\/i><\/a><a class=\"openlink wpfdlightbox wpfd_previewlink\" href=\"https:\/\/appa.qc.ca\/emsb\/wp-admin\/admin-ajax.php?juwpfisadmin=false&#038;action=wpfd&#038;task=file.download&#038;wpfd_category_id=388&#038;wpfd_file_id=8252&#038;token=&#038;preview=1\"  target=\"\">Preview                            <i class=\"zmdi zmdi-filter-center-focus wpfd-preview\"><\/i>                        <\/a>                                <\/div>                            <\/div>                                                                                                <div class=\"file pdf\" style=\"margin : 5px 5px 5px 5px;\"                                 data-id=\"8251\"                                 data-catid=\"388\">                                                                <input type=\"hidden\" class=\"wpfd_file_preview_link_download\" value=\"https:\/\/appa.qc.ca\/emsb\/download\/388\/collective-agreement\/8251\/appa-csem-adaptation-locale-fr-s18a-2010-2015.pdf\"                                       data-filetitle=\"APPA-CSEM Adaptation Locale (FR) S18A 2010-2015\" data-fileicons=\"ext ext-pdf wpfd-icon-set-svg\" \/>                                <div class=\"filecontent\">                                    <div class=\"ext ext-pdf wpfd-icon-set-svg\"><span class=\"txt\">pdf<\/span><\/div><h3><a href=\"https:\/\/appa.qc.ca\/emsb\/download\/388\/collective-agreement\/8251\/appa-csem-adaptation-locale-fr-s18a-2010-2015.pdf\"   class=\"wpfd_downloadlink\" title=\"APPA-CSEM Adaptation Locale (FR) S18A 2010-2015\" target=\"\">APPA-CSEM Adaptation Locale (FR) S18A 2010-2015<\/a><\/h3>                                    <div class=\"file-xinfo\">                                        <div class=\"file-desc\">Pour faciliter la gestion des relations de travail, les parties ont d\u00e9cid\u00e9 de regrouper en un seul document La lettre d\u2019entente regroupant les conditions particuli\u00e8res S18A, et l\u2019Adaptation locale de la convention collective.<\/div><div class=\"file-size\"><span>Size:<\/span> 2.22 MB<\/div><div class=\"file-dated\"><span>Date modified:<\/span> 12-11-2025<\/div>                                    <\/div>                                <\/div>                                <div class=\"file-right\">                                    <a class=\"downloadlink wpfd_downloadlink\"  href=\"https:\/\/appa.qc.ca\/emsb\/download\/388\/collective-agreement\/8251\/appa-csem-adaptation-locale-fr-s18a-2010-2015.pdf\"  style=\"background-color:#0084ff;color:#ffffff;\" target=\"\">Download<i class=\"zmdi zmdi-cloud-download wpfd-download\"><\/i><\/a><a class=\"openlink wpfdlightbox wpfd_previewlink\" href=\"https:\/\/appa.qc.ca\/emsb\/wp-admin\/admin-ajax.php?juwpfisadmin=false&#038;action=wpfd&#038;task=file.download&#038;wpfd_category_id=388&#038;wpfd_file_id=8251&#038;token=&#038;preview=1\"  target=\"\">Preview                            <i class=\"zmdi zmdi-filter-center-focus wpfd-preview\"><\/i>                        <\/a>                                <\/div>                            <\/div>                                                                <div class=\"file flex_span\" style=\"margin : 5px 5px 5px 5px;\"><\/div>                <\/div>                                <\/div>    <\/div><\/div>[\/vc_column_text][\/vc_column][\/vc_row]\n<\/div>","protected":false},"excerpt":{"rendered":"<p>The S18 Collective Agreement and the Local Agreement are available for download. Members can consult these documents to learn more about their working conditions and the provisions that apply to their job classification.  <\/p>\n","protected":false},"author":13,"featured_media":11869,"parent":8351,"menu_order":0,"comment_status":"closed","ping_status":"closed","template":"","meta":{"ngg_post_thumbnail":0,"footnotes":""},"class_list":["post-8353","page","type-page","status-publish","has-post-thumbnail","hentry"],"_links":{"self":[{"href":"https:\/\/appa.qc.ca\/emsb\/wp-json\/wp\/v2\/pages\/8353","targetHints":{"allow":["GET"]}}],"collection":[{"href":"https:\/\/appa.qc.ca\/emsb\/wp-json\/wp\/v2\/pages"}],"about":[{"href":"https:\/\/appa.qc.ca\/emsb\/wp-json\/wp\/v2\/types\/page"}],"author":[{"embeddable":true,"href":"https:\/\/appa.qc.ca\/emsb\/wp-json\/wp\/v2\/users\/13"}],"replies":[{"embeddable":true,"href":"https:\/\/appa.qc.ca\/emsb\/wp-json\/wp\/v2\/comments?post=8353"}],"version-history":[{"count":8,"href":"https:\/\/appa.qc.ca\/emsb\/wp-json\/wp\/v2\/pages\/8353\/revisions"}],"predecessor-version":[{"id":11868,"href":"https:\/\/appa.qc.ca\/emsb\/wp-json\/wp\/v2\/pages\/8353\/revisions\/11868"}],"up":[{"embeddable":true,"href":"https:\/\/appa.qc.ca\/emsb\/wp-json\/wp\/v2\/pages\/8351"}],"wp:featuredmedia":[{"embeddable":true,"href":"https:\/\/appa.qc.ca\/emsb\/wp-json\/wp\/v2\/media\/11869"}],"wp:attachment":[{"href":"https:\/\/appa.qc.ca\/emsb\/wp-json\/wp\/v2\/media?parent=8353"}],"curies":[{"name":"wp","href":"https:\/\/api.w.org\/{rel}","templated":true}]}}